{"id":1635,"date":"2024-10-30T16:03:29","date_gmt":"2024-10-30T08:03:29","guid":{"rendered":"https:\/\/hqwav.net\/?post_type=product&#038;p=1635"},"modified":"2024-10-30T16:03:29","modified_gmt":"2024-10-30T08:03:29","slug":"the-stockholm-cathedral-choir-now-the-green-blade-riseth-kornet-har-sin-vila-%e9%bb%84%e6%95%99%e5%a0%82-%e9%ba%a6%e7%94%b0%e4%b9%8b%e6%ad%8c-%e5%a4%a7%e5%9c%b0%e9%a2%82%e8%b5%9e-sweden","status":"publish","type":"product","link":"https:\/\/hqwav.net\/en\/product\/the-stockholm-cathedral-choir-now-the-green-blade-riseth-kornet-har-sin-vila-%e9%bb%84%e6%95%99%e5%a0%82-%e9%ba%a6%e7%94%b0%e4%b9%8b%e6%ad%8c-%e5%a4%a7%e5%9c%b0%e9%a2%82%e8%b5%9e-sweden","title":{"rendered":"The Stockholm Cathedral Choir \u2013 Now The Green Blade Riseth ( Kornet Har Sin Vila ) \u9ec4\u6559\u5802 \u9ea6\u7530\u4e4b\u6b4c \u5927\u5730\u9882\u8d5e SWEDEN First Press \u745e\u5178\u9996\u7248 \uff08WAV\/16\/44.1\/667MB)"},"content":{"rendered":"<p>Artist:\u00a0\u00a0\u00a0\u00a0\u00a0\u00a0\u00a0\u00a0\u00a0\u00a0\u00a0\u00a0\u00a0\u00a0 The Stockholm Cathedral Choir<br \/>\nLabel:\u00a0\u00a0\u00a0\u00a0\u00a0\u00a0\u00a0\u00a0\u00a0\u00a0\u00a0\u00a0\u00a0\u00a0 Proprius \u2013 PRCD 9093<br \/>\nCountry:\u00a0\u00a0\u00a0\u00a0\u00a0\u00a0\u00a0\u00a0\u00a0 Sweden<br \/>\nRunout:\u00a0\u00a0\u00a0\u00a0\u00a0\u00a0\u00a0\u00a0\u00a0\u00a0\u00a0 <span class=\"MuiTypography-root MuiTypography-labelSmall css-1kybk0l\"> CD PLANT MFG PRCD 9093 CDM01<\/span><br \/>\nReleased\uff1a\u00a0\u00a0\u00a0\u00a0 1993<br \/>\nGenre:\u00a0\u00a0\u00a0\u00a0\u00a0\u00a0\u00a0\u00a0\u00a0\u00a0\u00a0\u00a0\u00a0 Classical<br \/>\nStyle:\u00a0\u00a0\u00a0\u00a0\u00a0\u00a0\u00a0\u00a0\u00a0\u00a0\u00a0 \u00a0\u00a0\u00a0 Religious<\/p>\n<p><a href=\"https:\/\/hqwav.net\/wp-content\/uploads\/2024\/10\/IMG_20241030_0006-2.jpg\"><img loading=\"lazy\" decoding=\"async\" class=\"alignnone size-full wp-image-1637\" src=\"https:\/\/hqwav.net\/wp-content\/uploads\/2024\/10\/IMG_20241030_0006-2.jpg\" alt=\"\" width=\"1201\" height=\"1200\" srcset=\"https:\/\/hqwav.net\/wp-content\/uploads\/2024\/10\/IMG_20241030_0006-2.jpg 1201w, https:\/\/hqwav.net\/wp-content\/uploads\/2024\/10\/IMG_20241030_0006-2-300x300.jpg 300w, https:\/\/hqwav.net\/wp-content\/uploads\/2024\/10\/IMG_20241030_0006-2-1024x1024.jpg 1024w, https:\/\/hqwav.net\/wp-content\/uploads\/2024\/10\/IMG_20241030_0006-2-150x150.jpg 150w, https:\/\/hqwav.net\/wp-content\/uploads\/2024\/10\/IMG_20241030_0006-2-768x767.jpg 768w, https:\/\/hqwav.net\/wp-content\/uploads\/2024\/10\/IMG_20241030_0006-2-12x12.jpg 12w, https:\/\/hqwav.net\/wp-content\/uploads\/2024\/10\/IMG_20241030_0006-2-75x75.jpg 75w, https:\/\/hqwav.net\/wp-content\/uploads\/2024\/10\/IMG_20241030_0006-2-480x480.jpg 480w, https:\/\/hqwav.net\/wp-content\/uploads\/2024\/10\/IMG_20241030_0006-2-800x799.jpg 800w\" sizes=\"auto, (max-width:767px) 480px, (max-width:1201px) 100vw, 1201px\" \/><\/a><\/p>\n<p><strong>Tracklist:<\/strong><\/p>\n<p>1. Det Finns Djup I Herrens Godhet (PoV 729) 2:06<br \/>\n2. N\u00e4r Han Kommer (PoV 742) 1:46<br \/>\n3. Det Finns En V\u00e4g (PoV 743) 2:21<br \/>\n4. Prisad H\u00f6gt (PoV 653) 2:04<br \/>\n5. Kornet Har Sin Vila (PoV 688) 2:26<br \/>\n6. N\u00e4r Vi Delar Det Br\u00f6d (PoV 641) 2:47<br \/>\n7. Gud \u00c4r En Av Oss (PoV 642) 2:41<br \/>\n8. Guds K\u00e4rlek \u00c4r (PoV 713a) 4:18<br \/>\n9. Maria, Sa Judas (PoV 634) 1:59<br \/>\n10. Gud, N\u00e4r Du Andas (PoV 625) 2:12<br \/>\n11. Si, Jesus \u00c4r (Sv. Ps. 66) 2:03<br \/>\n12. Sorgen Och Gl\u00e4djen (Sv. Ps. 365) 2:40<br \/>\n13. En Dunkel \u00d6rtag\u00e5rd (Sv. Ps. 267) 2:53<br \/>\n14. G\u00e5 Varsamt (Sv. Ps. 344) 1:47<br \/>\n15. O Jesu K\u00e4r, Vad Har (Sv. Ps. 81) 2:25<br \/>\n16. Blott En Dag (Sv. Ps. 355) 2:59<br \/>\n17. Min Sj\u00e4l, Du M\u00e5ste (Sv. Ps. 71) 2:38<br \/>\n18. O Kriste, Du Som (Sv. Ps. 445) 3:01<br \/>\n19. I Hoppet Sig (Sv. Ps. 599) 2:41<br \/>\n20. Bred Dina Vingar (Sv. Ps. 451) 2:09<br \/>\n21. L\u00e5gorna \u00e4r m\u00e5nga 3:09<br \/>\n22. O Store Gud 4:02<br \/>\n23. I tro Under Himmelens Skyar 4:09<br \/>\n24. Dina h\u00e4nder 2:35<\/p>\n<p>&nbsp;<\/p>\n<p><strong>English Tracklist:<\/strong><br \/>\n1 Theres A Widness In God&#8217;s Mercy<br \/>\n2 When He Comes<br \/>\n3 There Is A Road To Heaven<br \/>\n4 Thou Who The Shepherds Worshipped<br \/>\n5 Love Is Come Again<br \/>\n6 When We Share The Beard He Gives Us<br \/>\n7 Gos And Man At Table Are Sat Down<br \/>\n8 The Love Of God<br \/>\n9 Said Judas To Mary<br \/>\n10 God Whe You Breathe<br \/>\n11 Your Name O&#8217; Jesus<br \/>\n12 Sorry And Joy<br \/>\n13 I Know Of A Dark<br \/>\n14 Walk Carefully<br \/>\n15 O&#8217; Jesus<br \/>\n16 Just One Day<br \/>\n17 My Soul<br \/>\n18 O&#8217; Christ<br \/>\n19 Hope Gives Rest<br \/>\n20 Spread Your Wings<br \/>\n21 Many Are The Lightbeams<br \/>\n22 How Great Thou Are<br \/>\n23 In Faith<br \/>\n24 Your Arm Are Full Of Flowers<\/p>","protected":false},"excerpt":{"rendered":"<p>Artist:\u00a0\u00a0\u00a0\u00a0\u00a0\u00a0\u00a0\u00a0\u00a0\u00a0\u00a0\u00a0\u00a0\u00a0 The <span class=\"excerpt-hellip\"> [\u2026]<\/span><\/p>","protected":false},"featured_media":1637,"comment_status":"open","ping_status":"closed","template":"","meta":[],"product_brand":[],"product_cat":[19,26,39],"product_tag":[59,194,62,193],"class_list":{"0":"post-1635","1":"product","2":"type-product","3":"status-publish","4":"has-post-thumbnail","6":"product_cat-european-and-american-music","7":"product_cat-classical-music","8":"product_cat-other-music","9":"product_tag-first-press","10":"product_tag-kornet-har-sin-vila","11":"product_tag-62","12":"product_tag-193","14":"first","15":"instock","16":"downloadable","17":"virtual","18":"sold-individually","19":"purchasable","20":"product-type-simple"},"aioseo_notices":[],"_links":{"self":[{"href":"https:\/\/hqwav.net\/en\/wp-json\/wp\/v2\/product\/1635","targetHints":{"allow":["GET"]}}],"collection":[{"href":"https:\/\/hqwav.net\/en\/wp-json\/wp\/v2\/product"}],"about":[{"href":"https:\/\/hqwav.net\/en\/wp-json\/wp\/v2\/types\/product"}],"replies":[{"embeddable":true,"href":"https:\/\/hqwav.net\/en\/wp-json\/wp\/v2\/comments?post=1635"}],"wp:featuredmedia":[{"embeddable":true,"href":"https:\/\/hqwav.net\/en\/wp-json\/wp\/v2\/media\/1637"}],"wp:attachment":[{"href":"https:\/\/hqwav.net\/en\/wp-json\/wp\/v2\/media?parent=1635"}],"wp:term":[{"taxonomy":"product_brand","embeddable":true,"href":"https:\/\/hqwav.net\/en\/wp-json\/wp\/v2\/product_brand?post=1635"},{"taxonomy":"product_cat","embeddable":true,"href":"https:\/\/hqwav.net\/en\/wp-json\/wp\/v2\/product_cat?post=1635"},{"taxonomy":"product_tag","embeddable":true,"href":"https:\/\/hqwav.net\/en\/wp-json\/wp\/v2\/product_tag?post=1635"}],"curies":[{"name":"wp","href":"https:\/\/api.w.org\/{rel}","templated":true}]}}