{"id":1755,"date":"2024-11-02T23:30:42","date_gmt":"2024-11-02T15:30:42","guid":{"rendered":"https:\/\/hqwav.net\/?post_type=product&#038;p=1755"},"modified":"2024-11-02T23:30:42","modified_gmt":"2024-11-02T15:30:42","slug":"linda-ronstadt-canciones-de-mi-padre-japan-32xd-900-wav-16-44-1-414mb","status":"publish","type":"product","link":"https:\/\/hqwav.net\/en\/product\/linda-ronstadt-canciones-de-mi-padre-japan-32xd-900-wav-16-44-1-414mb","title":{"rendered":"Linda Ronstadt \u2013 Canciones De Mi Padre (JAPAN 32XD-900) (WAV\/16\/44.1\/414MB)"},"content":{"rendered":"<p>Artist:\u00a0\u00a0\u00a0\u00a0\u00a0\u00a0\u00a0\u00a0\u00a0\u00a0\u00a0\u00a0\u00a0 Linda Ronstadt<br \/>\nLabel:\u00a0\u00a0\u00a0\u00a0\u00a0\u00a0\u00a0\u00a0\u00a0\u00a0\u00a0\u00a0 Asylum Records \u2013 32XD-900<br \/>\nCountry:\u00a0\u00a0\u00a0\u00a0\u00a0\u00a0\u00a0 JAPAN<br \/>\nRunout:\u00a0\u00a0\u00a0\u00a0\u00a0\u00a0\u00a0\u00a0\u00a0 32XD-900\u00a0\u00a0\u00a0\u00a0 1\u00a0\u00a0\u00a0 +\u00a0 ++\u00a0 ++++++++<br \/>\nReleased\uff1a\u00a0\u00a0 1987<br \/>\nGenre:\u00a0\u00a0\u00a0\u00a0\u00a0\u00a0\u00a0\u00a0\u00a0\u00a0\u00a0 Latin, Folk, World, &amp; Country<br \/>\nStyle:\u00a0\u00a0\u00a0\u00a0\u00a0\u00a0\u00a0\u00a0\u00a0\u00a0\u00a0\u00a0\u00a0 Mariachi, Ranchera<\/p>\n<p><a href=\"https:\/\/hqwav.net\/wp-content\/uploads\/2024\/11\/IMG_20241102_0017-2.jpg\"><img loading=\"lazy\" decoding=\"async\" class=\"alignnone size-full wp-image-1757\" src=\"https:\/\/hqwav.net\/wp-content\/uploads\/2024\/11\/IMG_20241102_0017-2.jpg\" alt=\"\" width=\"1210\" height=\"1200\" srcset=\"https:\/\/hqwav.net\/wp-content\/uploads\/2024\/11\/IMG_20241102_0017-2.jpg 1210w, https:\/\/hqwav.net\/wp-content\/uploads\/2024\/11\/IMG_20241102_0017-2-300x298.jpg 300w, https:\/\/hqwav.net\/wp-content\/uploads\/2024\/11\/IMG_20241102_0017-2-1024x1016.jpg 1024w, https:\/\/hqwav.net\/wp-content\/uploads\/2024\/11\/IMG_20241102_0017-2-150x150.jpg 150w, https:\/\/hqwav.net\/wp-content\/uploads\/2024\/11\/IMG_20241102_0017-2-768x762.jpg 768w, https:\/\/hqwav.net\/wp-content\/uploads\/2024\/11\/IMG_20241102_0017-2-12x12.jpg 12w, https:\/\/hqwav.net\/wp-content\/uploads\/2024\/11\/IMG_20241102_0017-2-76x75.jpg 76w, https:\/\/hqwav.net\/wp-content\/uploads\/2024\/11\/IMG_20241102_0017-2-480x476.jpg 480w, https:\/\/hqwav.net\/wp-content\/uploads\/2024\/11\/IMG_20241102_0017-2-800x793.jpg 800w\" sizes=\"auto, (max-width:767px) 480px, (max-width:1210px) 100vw, 1210px\" \/><\/a><\/p>\n<p><strong>Tracklist:<\/strong><\/p>\n<p>1. Por Un Amor\u00a0 3:01<br \/>\n2. Los Laureles\u00a0 2:29<br \/>\n3. Hay Unos Ojos\u00a0 2:47<br \/>\n4. La Cigarra\u00a0 3:49<br \/>\n5. T\u00fa S\u00f3lo T\u00fa\u00a0 3:12<br \/>\n6. Y Andale\u00a0 2:37<br \/>\n7. Rogaciano El Huapanguero\u00a0 3:06<br \/>\n8. La Charreada\u00a0 3:45<br \/>\n9. Dos Arbolitos\u00a0 2:36<br \/>\n10. Corrido De Cananea\u00a0 3:27<br \/>\n11. La Barca De Guaymas\u00a0 3:25<br \/>\n12. La Calandria\u00a0 3:03<br \/>\n13. El Sol Que T\u00fa Eres\u00a0 2:59<\/p>","protected":false},"excerpt":{"rendered":"<p>Artist:\u00a0\u00a0\u00a0\u00a0\u00a0\u00a0\u00a0\u00a0\u00a0\u00a0\u00a0\u00a0\u00a0 Linda<span class=\"excerpt-hellip\"> [\u2026]<\/span><\/p>","protected":false},"featured_media":1757,"comment_status":"open","ping_status":"closed","template":"","meta":[],"product_brand":[],"product_cat":[19],"product_tag":[218,217],"class_list":{"0":"post-1755","1":"product","2":"type-product","3":"status-publish","4":"has-post-thumbnail","6":"product_cat-european-and-american-music","7":"product_tag-32xd","8":"product_tag-linda-ronstadt","10":"first","11":"instock","12":"downloadable","13":"virtual","14":"sold-individually","15":"purchasable","16":"product-type-simple"},"aioseo_notices":[],"_links":{"self":[{"href":"https:\/\/hqwav.net\/en\/wp-json\/wp\/v2\/product\/1755","targetHints":{"allow":["GET"]}}],"collection":[{"href":"https:\/\/hqwav.net\/en\/wp-json\/wp\/v2\/product"}],"about":[{"href":"https:\/\/hqwav.net\/en\/wp-json\/wp\/v2\/types\/product"}],"replies":[{"embeddable":true,"href":"https:\/\/hqwav.net\/en\/wp-json\/wp\/v2\/comments?post=1755"}],"wp:featuredmedia":[{"embeddable":true,"href":"https:\/\/hqwav.net\/en\/wp-json\/wp\/v2\/media\/1757"}],"wp:attachment":[{"href":"https:\/\/hqwav.net\/en\/wp-json\/wp\/v2\/media?parent=1755"}],"wp:term":[{"taxonomy":"product_brand","embeddable":true,"href":"https:\/\/hqwav.net\/en\/wp-json\/wp\/v2\/product_brand?post=1755"},{"taxonomy":"product_cat","embeddable":true,"href":"https:\/\/hqwav.net\/en\/wp-json\/wp\/v2\/product_cat?post=1755"},{"taxonomy":"product_tag","embeddable":true,"href":"https:\/\/hqwav.net\/en\/wp-json\/wp\/v2\/product_tag?post=1755"}],"curies":[{"name":"wp","href":"https:\/\/api.w.org\/{rel}","templated":true}]}}